{"id":192,"date":"2022-03-03T19:59:23","date_gmt":"2022-03-03T18:59:23","guid":{"rendered":"https:\/\/ambroise-orthopedie.000webhostapp.com\/?page_id=3"},"modified":"2022-05-16T16:58:42","modified_gmt":"2022-05-16T14:58:42","slug":"mentions-legales","status":"publish","type":"page","link":"https:\/\/c-fit-sport.com\/index.php\/mentions-legales\/","title":{"rendered":"Mentions L\u00e9gales"},"content":{"rendered":"\t\t<div data-elementor-type=\"wp-page\" data-elementor-id=\"192\" class=\"elementor elementor-192\">\n\t\t\t\t\t\t<section class=\"elementor-section elementor-top-section elementor-element elementor-element-8c9ed95 elementor-section-boxed elementor-section-height-default elementor-section-height-default\" data-id=\"8c9ed95\" data-element_type=\"section\" data-e-type=\"section\">\n\t\t\t\t\t\t<div class=\"elementor-container elementor-column-gap-default\">\n\t\t\t\t\t<div class=\"elementor-column elementor-col-100 elementor-top-column elementor-element elementor-element-3578fb1\" data-id=\"3578fb1\" data-element_type=\"column\" data-e-type=\"column\">\n\t\t\t<div class=\"elementor-widget-wrap elementor-element-populated\">\n\t\t\t\t\t\t<div class=\"elementor-element elementor-element-2849aa3 elementor-widget elementor-widget-text-editor\" data-id=\"2849aa3\" data-element_type=\"widget\" data-e-type=\"widget\" data-widget_type=\"text-editor.default\">\n\t\t\t\t<div class=\"elementor-widget-container\">\n\t\t\t\t\t\t\t\t\t<p style=\"margin: 0cm;\"><b><span style=\"font-family: Arial, sans-serif; letter-spacing: 0.75pt;\">C FIT SPORT est une marque de la soci\u00e9t\u00e9 C FIT SPORT<\/span><\/b><\/p><p style=\"margin: 0cm; transition-duration: 1s; overflow-wrap: break-word;\" data-wahfont=\"16\"><span style=\"font-family: Arial, sans-serif;\"><span style=\"letter-spacing: 0.75pt;\">Siege social : C\u00a0<\/span><\/span><span style=\"font-family: Arial, sans-serif;\"><span style=\"letter-spacing: 0.75pt;\">FIT SPORT \u2013 <\/span>32 Bis Rue de la Libert\u00e9, Fontaine, France<\/span><br \/><span style=\"font-family: Arial, sans-serif;\"><span style=\"letter-spacing: 0.75pt;\">N\u00b0 de SIREN : 911 958 858<\/span><\/span><br \/><span style=\"font-family: Arial, sans-serif;\"><span style=\"letter-spacing: 0.75pt;\">Immatricul\u00e9e au R.C.S de Grenoble<\/span><\/span><\/p><p style=\"margin: 0cm; overflow-wrap: break-word;\" data-wahfont=\"16\"><b><span style=\"font-family: Arial, sans-serif; letter-spacing: 0.75pt;\">\u00a0<\/span><\/b><\/p><p style=\"margin: 0cm; overflow-wrap: break-word;\" data-wahfont=\"16\"><b><span style=\"font-family: Arial, sans-serif; letter-spacing: 0.75pt;\">CR\u00c9DITS \/ EDITEUR<\/span><\/b><span style=\"font-family: Arial, sans-serif; letter-spacing: 0.75pt;\"><br \/>Web Design :\u00a0<a href=\"https:\/\/jandco-by-elina.com\/\" target=\"_blank\" rel=\"noopener\" data-wahfont=\"16\">https:\/\/c-fit-sport.com\/<\/a><a href=\"https:\/\/jandco-by-elina.com\/\" data-wahfont=\"16\"><br \/><\/a>Cr\u00e9dits photos :<a href=\"https:\/\/jandco-by-elina.com\/\" data-wahfont=\"16\">\u00a0<\/a><a style=\"font-weight: var( --e-global-typography-text-font-weight ); transition-duration: 1s;\" href=\"https:\/\/jandco-by-elina.com\/\" target=\"_blank\" rel=\"noopener\" data-wahfont=\"16\">https:\/\/c-fit-sport.com\/<\/a><\/span><\/p><p style=\"margin: 0cm; overflow-wrap: break-word;\" data-wahfont=\"16\"><b><span style=\"font-family: Arial, sans-serif; letter-spacing: 0.75pt;\">\u00a0<\/span><\/b><\/p><p style=\"margin: 0cm; overflow-wrap: break-word;\" data-wahfont=\"16\"><b><span style=\"font-family: Arial, sans-serif; letter-spacing: 0.75pt;\">H\u00c9BERGEMENT<\/span><\/b><span style=\"font-family: Arial, sans-serif; letter-spacing: 0.75pt;\"><br \/>Les serveurs du site\u00a0<a style=\"transition-duration: 1s; font-weight: var( --e-global-typography-text-font-weight );\" href=\"https:\/\/jandco-by-elina.com\/\" target=\"_blank\" rel=\"noopener\" data-wahfont=\"16\">https:\/\/c-fit-sport.com\/<\/a>\u00a0sont h\u00e9berg\u00e9s par la soci\u00e9t\u00e9 OVH<br \/>Siege social : 2 rue Kellermann, 59100 Roubaix \u2013 France<\/span><\/p><p style=\"margin: 0cm; overflow-wrap: break-word;\" data-wahfont=\"16\"><b><span style=\"font-family: Arial, sans-serif; letter-spacing: 0.75pt;\">\u00a0<\/span><\/b><\/p><p style=\"margin: 0cm; overflow-wrap: break-word;\" data-wahfont=\"16\"><b><span style=\"font-family: Arial, sans-serif; letter-spacing: 0.75pt;\">TRAITEMENT DES DONN\u00c9ES \u00c0 CARACT\u00c8RE PERSONNEL<\/span><\/b><span style=\"font-family: Arial, sans-serif; letter-spacing: 0.75pt;\"><br \/>Les informations et donn\u00e9es personnelles que C FIT SPORT vous demande de lui fournir sont r\u00e9serv\u00e9es \u00e0 son usage. Vous\u00a0 disposez d\u2019un droit d\u2019acc\u00e8s, de modification, de rectification et de suppression des donn\u00e9es qui vous concernent (art 38 \u00e0 40 de la loi No 78-17 Informatique et Libert\u00e9). Pour l\u2019exercer, merci de consulter notre page\u00a0<a href=\"https:\/\/c-fit-sport.com\/index.php\/politique-de-confidentialite\" data-wahfont=\"16\">POLITIQUE DE CONFIDENTIALIT\u00c9<\/a><\/span><\/p>\t\t\t\t\t\t\t\t<\/div>\n\t\t\t\t<\/div>\n\t\t\t\t\t<\/div>\n\t\t<\/div>\n\t\t\t\t\t<\/div>\n\t\t<\/section>\n\t\t\t\t<\/div>\n\t\t","protected":false},"excerpt":{"rendered":"<p>C FIT SPORT est une marque de la soci\u00e9t\u00e9 C FIT SPORT Siege social : C\u00a0FIT SPORT \u2013 32 Bis Rue de la Libert\u00e9, Fontaine, FranceN\u00b0 de SIREN : 911 958 858Immatricul\u00e9e au R.C.S de Grenoble \u00a0 CR\u00c9DITS \/ EDITEURWeb Design :\u00a0https:\/\/c-fit-sport.com\/Cr\u00e9dits photos :\u00a0https:\/\/c-fit-sport.com\/ \u00a0 H\u00c9BERGEMENTLes serveurs du site\u00a0https:\/\/c-fit-sport.com\/\u00a0sont h\u00e9berg\u00e9s par la soci\u00e9t\u00e9 OVHSiege social [&hellip;]<\/p>\n","protected":false},"author":2,"featured_media":0,"parent":0,"menu_order":0,"comment_status":"closed","ping_status":"open","template":"","meta":{"_regular_price":[],"currency_symbol":[],"footnotes":""},"class_list":["post-192","page","type-page","status-publish","hentry"],"post_slider_layout_featured_media_urls":{"thumbnail":"","post_slider_layout_landscape_large":"","post_slider_layout_portrait_large":"","post_slider_layout_square_large":"","post_slider_layout_landscape":"","post_slider_layout_portrait":"","post_slider_layout_square":"","full":""},"yoast_head":"<!-- This site is optimized with the Yoast SEO plugin v27.5 - https:\/\/yoast.com\/product\/yoast-seo-wordpress\/ -->\n<title>Mentions L\u00e9gales - C FIT SPORT<\/title>\n<meta name=\"robots\" content=\"index, follow, max-snippet:-1, max-image-preview:large, max-video-preview:-1\" \/>\n<link rel=\"canonical\" href=\"https:\/\/c-fit-sport.com\/index.php\/mentions-legales\/\" \/>\n<meta property=\"og:locale\" content=\"fr_FR\" \/>\n<meta property=\"og:type\" content=\"article\" \/>\n<meta property=\"og:title\" content=\"Mentions L\u00e9gales - C FIT SPORT\" \/>\n<meta property=\"og:description\" content=\"C FIT SPORT est une marque de la soci\u00e9t\u00e9 C FIT SPORT Siege social : C\u00a0FIT SPORT \u2013 32 Bis Rue de la Libert\u00e9, Fontaine, FranceN\u00b0 de SIREN : 911 958 858Immatricul\u00e9e au R.C.S de Grenoble \u00a0 CR\u00c9DITS \/ EDITEURWeb Design :\u00a0https:\/\/c-fit-sport.com\/Cr\u00e9dits photos :\u00a0https:\/\/c-fit-sport.com\/ \u00a0 H\u00c9BERGEMENTLes serveurs du site\u00a0https:\/\/c-fit-sport.com\/\u00a0sont h\u00e9berg\u00e9s par la soci\u00e9t\u00e9 OVHSiege social [&hellip;]\" \/>\n<meta property=\"og:url\" content=\"https:\/\/c-fit-sport.com\/index.php\/mentions-legales\/\" \/>\n<meta property=\"og:site_name\" content=\"C FIT SPORT\" \/>\n<meta property=\"article:publisher\" content=\"https:\/\/www.facebook.com\/CFit38\" \/>\n<meta property=\"article:modified_time\" content=\"2022-05-16T14:58:42+00:00\" \/>\n<meta name=\"twitter:card\" content=\"summary_large_image\" \/>\n<meta name=\"twitter:label1\" content=\"Dur\u00e9e de lecture estim\u00e9e\" \/>\n\t<meta name=\"twitter:data1\" content=\"1 minute\" \/>\n<script type=\"application\/ld+json\" class=\"yoast-schema-graph\">{\"@context\":\"https:\\\/\\\/schema.org\",\"@graph\":[{\"@type\":\"WebPage\",\"@id\":\"https:\\\/\\\/c-fit-sport.com\\\/index.php\\\/mentions-legales\\\/\",\"url\":\"https:\\\/\\\/c-fit-sport.com\\\/index.php\\\/mentions-legales\\\/\",\"name\":\"Mentions L\u00e9gales - C FIT SPORT\",\"isPartOf\":{\"@id\":\"https:\\\/\\\/c-fit-sport.com\\\/#website\"},\"datePublished\":\"2022-03-03T18:59:23+00:00\",\"dateModified\":\"2022-05-16T14:58:42+00:00\",\"breadcrumb\":{\"@id\":\"https:\\\/\\\/c-fit-sport.com\\\/index.php\\\/mentions-legales\\\/#breadcrumb\"},\"inLanguage\":\"fr-FR\",\"potentialAction\":[{\"@type\":\"ReadAction\",\"target\":[\"https:\\\/\\\/c-fit-sport.com\\\/index.php\\\/mentions-legales\\\/\"]}]},{\"@type\":\"BreadcrumbList\",\"@id\":\"https:\\\/\\\/c-fit-sport.com\\\/index.php\\\/mentions-legales\\\/#breadcrumb\",\"itemListElement\":[{\"@type\":\"ListItem\",\"position\":1,\"name\":\"Accueil\",\"item\":\"https:\\\/\\\/c-fit-sport.com\\\/\"},{\"@type\":\"ListItem\",\"position\":2,\"name\":\"Mentions L\u00e9gales\"}]},{\"@type\":\"WebSite\",\"@id\":\"https:\\\/\\\/c-fit-sport.com\\\/#website\",\"url\":\"https:\\\/\\\/c-fit-sport.com\\\/\",\"name\":\"C FIT SPORT\",\"description\":\"Intelligence Artificielle &quot;unique au monde&quot; - Salle de Sport \u00e0 Fontaine\",\"publisher\":{\"@id\":\"https:\\\/\\\/c-fit-sport.com\\\/#organization\"},\"potentialAction\":[{\"@type\":\"SearchAction\",\"target\":{\"@type\":\"EntryPoint\",\"urlTemplate\":\"https:\\\/\\\/c-fit-sport.com\\\/?s={search_term_string}\"},\"query-input\":{\"@type\":\"PropertyValueSpecification\",\"valueRequired\":true,\"valueName\":\"search_term_string\"}}],\"inLanguage\":\"fr-FR\"},{\"@type\":\"Organization\",\"@id\":\"https:\\\/\\\/c-fit-sport.com\\\/#organization\",\"name\":\"C FIT SPORT\",\"url\":\"https:\\\/\\\/c-fit-sport.com\\\/\",\"logo\":{\"@type\":\"ImageObject\",\"inLanguage\":\"fr-FR\",\"@id\":\"https:\\\/\\\/c-fit-sport.com\\\/#\\\/schema\\\/logo\\\/image\\\/\",\"url\":\"https:\\\/\\\/c-fit-sport.com\\\/wp-content\\\/uploads\\\/2022\\\/03\\\/cropped-cropped-Visuel_loup-1.png\",\"contentUrl\":\"https:\\\/\\\/c-fit-sport.com\\\/wp-content\\\/uploads\\\/2022\\\/03\\\/cropped-cropped-Visuel_loup-1.png\",\"width\":240,\"height\":325,\"caption\":\"C FIT SPORT\"},\"image\":{\"@id\":\"https:\\\/\\\/c-fit-sport.com\\\/#\\\/schema\\\/logo\\\/image\\\/\"},\"sameAs\":[\"https:\\\/\\\/www.facebook.com\\\/CFit38\"]}]}<\/script>\n<!-- \/ Yoast SEO plugin. -->","yoast_head_json":{"title":"Mentions L\u00e9gales - C FIT SPORT","robots":{"index":"index","follow":"follow","max-snippet":"max-snippet:-1","max-image-preview":"max-image-preview:large","max-video-preview":"max-video-preview:-1"},"canonical":"https:\/\/c-fit-sport.com\/index.php\/mentions-legales\/","og_locale":"fr_FR","og_type":"article","og_title":"Mentions L\u00e9gales - C FIT SPORT","og_description":"C FIT SPORT est une marque de la soci\u00e9t\u00e9 C FIT SPORT Siege social : C\u00a0FIT SPORT \u2013 32 Bis Rue de la Libert\u00e9, Fontaine, FranceN\u00b0 de SIREN : 911 958 858Immatricul\u00e9e au R.C.S de Grenoble \u00a0 CR\u00c9DITS \/ EDITEURWeb Design :\u00a0https:\/\/c-fit-sport.com\/Cr\u00e9dits photos :\u00a0https:\/\/c-fit-sport.com\/ \u00a0 H\u00c9BERGEMENTLes serveurs du site\u00a0https:\/\/c-fit-sport.com\/\u00a0sont h\u00e9berg\u00e9s par la soci\u00e9t\u00e9 OVHSiege social [&hellip;]","og_url":"https:\/\/c-fit-sport.com\/index.php\/mentions-legales\/","og_site_name":"C FIT SPORT","article_publisher":"https:\/\/www.facebook.com\/CFit38","article_modified_time":"2022-05-16T14:58:42+00:00","twitter_card":"summary_large_image","twitter_misc":{"Dur\u00e9e de lecture estim\u00e9e":"1 minute"},"schema":{"@context":"https:\/\/schema.org","@graph":[{"@type":"WebPage","@id":"https:\/\/c-fit-sport.com\/index.php\/mentions-legales\/","url":"https:\/\/c-fit-sport.com\/index.php\/mentions-legales\/","name":"Mentions L\u00e9gales - C FIT SPORT","isPartOf":{"@id":"https:\/\/c-fit-sport.com\/#website"},"datePublished":"2022-03-03T18:59:23+00:00","dateModified":"2022-05-16T14:58:42+00:00","breadcrumb":{"@id":"https:\/\/c-fit-sport.com\/index.php\/mentions-legales\/#breadcrumb"},"inLanguage":"fr-FR","potentialAction":[{"@type":"ReadAction","target":["https:\/\/c-fit-sport.com\/index.php\/mentions-legales\/"]}]},{"@type":"BreadcrumbList","@id":"https:\/\/c-fit-sport.com\/index.php\/mentions-legales\/#breadcrumb","itemListElement":[{"@type":"ListItem","position":1,"name":"Accueil","item":"https:\/\/c-fit-sport.com\/"},{"@type":"ListItem","position":2,"name":"Mentions L\u00e9gales"}]},{"@type":"WebSite","@id":"https:\/\/c-fit-sport.com\/#website","url":"https:\/\/c-fit-sport.com\/","name":"C FIT SPORT","description":"Intelligence Artificielle &quot;unique au monde&quot; - Salle de Sport \u00e0 Fontaine","publisher":{"@id":"https:\/\/c-fit-sport.com\/#organization"},"potentialAction":[{"@type":"SearchAction","target":{"@type":"EntryPoint","urlTemplate":"https:\/\/c-fit-sport.com\/?s={search_term_string}"},"query-input":{"@type":"PropertyValueSpecification","valueRequired":true,"valueName":"search_term_string"}}],"inLanguage":"fr-FR"},{"@type":"Organization","@id":"https:\/\/c-fit-sport.com\/#organization","name":"C FIT SPORT","url":"https:\/\/c-fit-sport.com\/","logo":{"@type":"ImageObject","inLanguage":"fr-FR","@id":"https:\/\/c-fit-sport.com\/#\/schema\/logo\/image\/","url":"https:\/\/c-fit-sport.com\/wp-content\/uploads\/2022\/03\/cropped-cropped-Visuel_loup-1.png","contentUrl":"https:\/\/c-fit-sport.com\/wp-content\/uploads\/2022\/03\/cropped-cropped-Visuel_loup-1.png","width":240,"height":325,"caption":"C FIT SPORT"},"image":{"@id":"https:\/\/c-fit-sport.com\/#\/schema\/logo\/image\/"},"sameAs":["https:\/\/www.facebook.com\/CFit38"]}]}},"amp_enabled":true,"_links":{"self":[{"href":"https:\/\/c-fit-sport.com\/index.php\/wp-json\/wp\/v2\/pages\/192","targetHints":{"allow":["GET"]}}],"collection":[{"href":"https:\/\/c-fit-sport.com\/index.php\/wp-json\/wp\/v2\/pages"}],"about":[{"href":"https:\/\/c-fit-sport.com\/index.php\/wp-json\/wp\/v2\/types\/page"}],"author":[{"embeddable":true,"href":"https:\/\/c-fit-sport.com\/index.php\/wp-json\/wp\/v2\/users\/2"}],"replies":[{"embeddable":true,"href":"https:\/\/c-fit-sport.com\/index.php\/wp-json\/wp\/v2\/comments?post=192"}],"version-history":[{"count":20,"href":"https:\/\/c-fit-sport.com\/index.php\/wp-json\/wp\/v2\/pages\/192\/revisions"}],"predecessor-version":[{"id":616,"href":"https:\/\/c-fit-sport.com\/index.php\/wp-json\/wp\/v2\/pages\/192\/revisions\/616"}],"wp:attachment":[{"href":"https:\/\/c-fit-sport.com\/index.php\/wp-json\/wp\/v2\/media?parent=192"}],"curies":[{"name":"wp","href":"https:\/\/api.w.org\/{rel}","templated":true}]}}