{"id":344,"date":"2022-04-11T14:09:13","date_gmt":"2022-04-11T12:09:13","guid":{"rendered":"https:\/\/c-fit-sport.com\/?page_id=344"},"modified":"2022-04-15T12:29:25","modified_gmt":"2022-04-15T10:29:25","slug":"politique-de-confidentialite","status":"publish","type":"page","link":"https:\/\/c-fit-sport.com\/index.php\/politique-de-confidentialite\/","title":{"rendered":"Politique de confidentialit\u00e9"},"content":{"rendered":"\t\t<div data-elementor-type=\"wp-page\" data-elementor-id=\"344\" class=\"elementor elementor-344\">\n\t\t\t\t\t\t<section class=\"elementor-section elementor-top-section elementor-element elementor-element-7d8f135 elementor-section-boxed elementor-section-height-default elementor-section-height-default\" data-id=\"7d8f135\" data-element_type=\"section\" data-e-type=\"section\">\n\t\t\t\t\t\t<div class=\"elementor-container elementor-column-gap-default\">\n\t\t\t\t\t<div class=\"elementor-column elementor-col-100 elementor-top-column elementor-element elementor-element-3e6387b\" data-id=\"3e6387b\" data-element_type=\"column\" data-e-type=\"column\">\n\t\t\t<div class=\"elementor-widget-wrap elementor-element-populated\">\n\t\t\t\t\t\t<div class=\"elementor-element elementor-element-0297027 elementor-widget elementor-widget-text-editor\" data-id=\"0297027\" data-element_type=\"widget\" data-e-type=\"widget\" data-widget_type=\"text-editor.default\">\n\t\t\t\t<div class=\"elementor-widget-container\">\n\t\t\t\t\t\t\t\t\t<p><strong><span style=\"color: #ffffff;\">Collecte de l\u2019information<\/span><\/strong><\/p><p style=\"color: #e0e0e0; overflow-wrap: break-word; margin-bottom: 15px;\" data-wahfont=\"16\"><span style=\"color: #ffffff;\">Soucieux de la protection de votre vie priv\u00e9e, C FIT SPORT, repr\u00e9sent\u00e9 par Fabien CERILLI, s\u2019engage \u00e0 assurer le meilleur niveau de protection de vos donn\u00e9es \u00e0 caract\u00e8re personnel.<\/span><\/p><p style=\"color: #e0e0e0; overflow-wrap: break-word; margin-bottom: 15px;\" data-wahfont=\"16\"><span style=\"color: #ffffff;\">Nous recueillons des informations lorsque vous vous inscrivez sur notre site, lorsque vous vous connectez \u00e0 votre compte, faites un achat, participez \u00e0 un concours, et \/ ou lorsque vous vous d\u00e9connectez. Les informations recueillies incluent votre nom, votre adresse e-mail, num\u00e9ro de t\u00e9l\u00e9phone.<\/span><\/p><p style=\"color: #e0e0e0; overflow-wrap: break-word; margin-bottom: 15px;\" data-wahfont=\"16\"><span style=\"color: #ffffff;\">En outre, nous recevons et enregistrons automatiquement des informations \u00e0 partir de votre ordinateur et navigateur, y compris votre adresse IP, vos logiciels et votre mat\u00e9riel, et la page que vous demandez.<\/span><\/p><p style=\"color: #e0e0e0; overflow-wrap: break-word; margin-bottom: 15px;\" data-wahfont=\"16\"><strong><span style=\"color: #ffffff;\">Utilisation des informations<\/span><\/strong><\/p><p style=\"color: #e0e0e0; overflow-wrap: break-word; margin-bottom: 15px;\" data-wahfont=\"16\"><span style=\"color: #ffffff;\">Toute les informations que nous recueillons aupr\u00e8s de vous peuvent \u00eatre utilis\u00e9es pour :<\/span><\/p><ul style=\"color: #e0e0e0; overflow-wrap: break-word; margin-bottom: 15px; list-style-position: initial; list-style-image: initial; padding-left: 20px;\"><li><span style=\"color: #ffffff;\">Personnaliser votre exp\u00e9rience et r\u00e9pondre \u00e0 vos besoins individuels<\/span><\/li><li><span style=\"color: #ffffff;\">Fournir un contenu publicitaire personnalis\u00e9<\/span><\/li><li><span style=\"color: #ffffff;\">Am\u00e9liorer notre site Web<\/span><\/li><li><span style=\"color: #ffffff;\">Am\u00e9liorer le service client et vos besoins de prise en charge<\/span><\/li><li><span style=\"color: #ffffff;\">Vous contacter par e-mail<\/span><\/li><li><span style=\"color: #ffffff;\">Administrer un concours, une promotion, ou un enqu\u00eate<\/span><\/li><li><span style=\"color: #ffffff;\">Confidentialit\u00e9 du commerce en ligne<\/span><\/li><\/ul><p style=\"color: #e0e0e0; overflow-wrap: break-word; margin-bottom: 15px;\" data-wahfont=\"16\"><span style=\"color: #ffffff;\">Nous sommes les seuls propri\u00e9taires des informations recueillies sur ce site. Vos informations personnelles ne seront pas vendues, \u00e9chang\u00e9es, transf\u00e9r\u00e9es, ou donn\u00e9es \u00e0 une autre soci\u00e9t\u00e9 pour n\u2019importe quel raison, sans votre consentement, en dehors de ce qui est n\u00e9cessaire pour r\u00e9pondre \u00e0 une demande et \/ ou une transaction, comme par exemple pour exp\u00e9dier une commande.<\/span><\/p><p style=\"color: #e0e0e0; overflow-wrap: break-word; margin-bottom: 15px;\" data-wahfont=\"16\"><strong><span style=\"color: #ffffff;\">Divulgation \u00e0 des tiers<\/span><\/strong><\/p><p style=\"color: #e0e0e0; overflow-wrap: break-word; margin-bottom: 15px;\" data-wahfont=\"16\"><span style=\"color: #ffffff;\">Nous ne vendons, n\u2019\u00e9changeons et ne transf\u00e9rons pas vos informations personnelles identifiables \u00e0 des tiers. Cela ne comprend pas les tierce parties de confiance qui nous aident \u00e0 exploiter notre site Web ou \u00e0 mener nos affaires, tant que ces parties conviennent de garder ces informations confidentielles.<\/span><\/p><p style=\"color: #e0e0e0; overflow-wrap: break-word; margin-bottom: 15px;\" data-wahfont=\"16\"><span style=\"color: #ffffff;\">Nous pensons qu\u2019il est n\u00e9cessaire de partager des informations afin d\u2019enqu\u00eater, de pr\u00e9venir ou de prendre des mesures concernant des activit\u00e9s ill\u00e9gales, fraudes pr\u00e9sum\u00e9es, situations impliquant des menaces potentielles \u00e0 la s\u00e9curit\u00e9 physique de toute personne, violations de nos conditions d\u2019utilisation, ou quand la loi nous y contraint.<\/span><\/p><p style=\"color: #e0e0e0; overflow-wrap: break-word; margin-bottom: 15px;\" data-wahfont=\"16\"><span style=\"color: #ffffff;\">Les informations non-priv\u00e9es, cependant, peuvent \u00eatre fournies \u00e0 d\u2019autres parties pour le marketing, la publicit\u00e9, ou d\u2019autres utilisations.<\/span><\/p><p style=\"color: #e0e0e0; overflow-wrap: break-word; margin-bottom: 15px;\" data-wahfont=\"16\"><strong><span style=\"color: #ffffff;\">Protection des informations<\/span><\/strong><\/p><p style=\"color: #e0e0e0; overflow-wrap: break-word; margin-bottom: 15px;\" data-wahfont=\"16\"><span style=\"color: #ffffff;\">Nous mettons en \u0153uvre une vari\u00e9t\u00e9 de mesures de s\u00e9curit\u00e9 pour pr\u00e9server la s\u00e9curit\u00e9 de vos informations personnelles. Nous prot\u00e9geons \u00e9galement vos informations hors ligne. Seuls les employ\u00e9s qui ont besoin d\u2019effectuer un travail sp\u00e9cifique (par exemple, la facturation ou le service \u00e0 la client\u00e8le) ont acc\u00e8s aux informations personnelles identifiables. Les ordinateurs et serveurs utilis\u00e9s pour stocker des informations personnelles identifiables sont conserv\u00e9s dans un environnement s\u00e9curis\u00e9.<\/span><\/p><p style=\"color: #e0e0e0; overflow-wrap: break-word; margin-bottom: 15px;\" data-wahfont=\"16\"><strong><span style=\"color: #ffffff;\">Est-ce que nous utilisons des cookies ?<\/span><\/strong><\/p><p style=\"color: #e0e0e0; overflow-wrap: break-word; margin-bottom: 15px;\" data-wahfont=\"16\"><span style=\"color: #ffffff;\">Oui. Nos cookies am\u00e9liorent l\u2019acc\u00e8s \u00e0 notre site et identifient les visiteurs r\u00e9guliers. En outre, nos cookies am\u00e9liorent l\u2019exp\u00e9rience d\u2019utilisateur gr\u00e2ce au suivi et au ciblage de ses int\u00e9r\u00eats. Cependant, cette utilisation des cookies n\u2019est en aucune fa\u00e7on li\u00e9e \u00e0 des informations personnelles identifiables sur notre site.<\/span><\/p><p style=\"color: #e0e0e0; overflow-wrap: break-word; margin-bottom: 15px;\" data-wahfont=\"16\"><span style=\"color: #ffffff;\">Vous pouvez faire le choix \u00e0 tout moment d\u2019exprimer et de modifier vos souhaits en mati\u00e8re de cookies, par les moyens d\u00e9crits ci-dessous.<\/span><\/p><p style=\"color: #e0e0e0; overflow-wrap: break-word; margin-bottom: 15px;\" data-wahfont=\"16\"><strong><span style=\"color: #ffffff;\"><em>Param\u00e9trage de votre logiciel de navigation<\/em><\/span><\/strong><\/p><p style=\"color: #e0e0e0; overflow-wrap: break-word; margin-bottom: 15px;\" data-wahfont=\"16\"><span style=\"color: #ffffff;\">Vous pouvez configurer votre logiciel de navigation de mani\u00e8re \u00e0 ce que des cookies soient enregistr\u00e9s dans votre terminal ou, au contraire, qu\u2019ils soient rejet\u00e9s, soit syst\u00e9matiquement, soit selon leur \u00e9metteur. Vous pouvez \u00e9galement configurer votre logiciel de navigation de mani\u00e8re \u00e0 ce que l\u2019acceptation ou le refus des cookies vous soient propos\u00e9s ponctuellement, avant qu\u2019un cookie soit susceptible d\u2019\u00eatre enregistr\u00e9 dans votre terminal.<\/span><\/p><p style=\"color: #e0e0e0; overflow-wrap: break-word; margin-bottom: 15px;\" data-wahfont=\"16\"><span style=\"color: #ffffff;\">Comment exercer vos choix, selon le navigateur que vous utilisez ?<\/span><br \/><span style=\"color: #ffffff;\">Pour la gestion des cookies et de vos choix, la configuration de chaque navigateur est diff\u00e9rente. Elle est d\u00e9crite dans le menu d\u2019aide de votre navigateur, qui vous permettra de savoir de quelle mani\u00e8re modifier vos souhaits en mati\u00e8re de cookies.<\/span><\/p><p style=\"color: #e0e0e0; overflow-wrap: break-word; margin-bottom: 15px;\" data-wahfont=\"16\"><span style=\"color: #ffffff;\">Pour Internet Explorer\u2122 :\u00a0<a style=\"background-color: transparent; color: #ffffff;\" href=\"http:\/\/windows.microsoft.com\/fr-FR\/windows-vista\/Block-or-allow-cookies\" data-wahfont=\"16\">http:\/\/windows.microsoft.com\/fr-FR\/windows-vista\/Block-or-allow-cookies<\/a>\u00a0,<\/span><br \/><span style=\"color: #ffffff;\">Pour Safari\u2122 :\u00a0<a style=\"background-color: transparent; color: #ffffff;\" href=\"http:\/\/docs.info.apple.com\/article.html?path=Safari\/3.0\/fr\/9277.html\" data-wahfont=\"16\">http:\/\/docs.info.apple.com\/article.html?path=Safari\/3.0\/fr\/9277.html<\/a>\u00a0,<\/span><br \/><span style=\"color: #ffffff;\">Pour Chrome\u2122 :\u00a0<a style=\"background-color: transparent; color: #ffffff;\" href=\"http:\/\/support.google.com\/chrome\/bin\/answer.py?hl=fr&amp;hlrm=en&amp;answer=95647\" data-wahfont=\"16\">http:\/\/support.google.com\/chrome\/bin\/answer.py?hl=fr&amp;hlrm=en&amp;answer=95647<\/a>\u00a0,<\/span><br \/><span style=\"color: #ffffff;\">Pour Firefox\u2122 :\u00a0<a style=\"background-color: transparent; color: #ffffff;\" href=\"http:\/\/support.mozilla.org\/fr\/kb\/Activer%20et%20d%C3%A9sactiver%20les%20cookies\" data-wahfont=\"16\">http:\/\/support.mozilla.org\/fr\/kb\/Activer%20et%20d%C3%A9sactiver%20les%20cookies<\/a>\u00a0,<\/span><br \/><span style=\"color: #ffffff;\">Pour Opera\u2122 :\u00a0<a style=\"background-color: transparent; color: #ffffff;\" href=\"http:\/\/help.opera.com\/Windows\/10.20\/fr\/cookies.html\" data-wahfont=\"16\">http:\/\/help.opera.com\/Windows\/10.20\/fr\/cookies.html<\/a><\/span><\/p><p style=\"color: #e0e0e0; overflow-wrap: break-word; margin-bottom: 15px;\" data-wahfont=\"16\"><strong><span style=\"color: #ffffff;\"><em>Param\u00e9trage du syst\u00e8me d\u2019exploitation de votre smartphone<\/em><\/span><\/strong><\/p><p style=\"color: #e0e0e0; overflow-wrap: break-word; margin-bottom: 15px;\" data-wahfont=\"16\"><span style=\"color: #ffffff;\">Vous avez la possibilit\u00e9 de contr\u00f4ler le \u00a0d\u00e9p\u00f4t des Cookies sur votre smartphone dans les r\u00e8gles du syst\u00e8me d\u2019exploitation.<\/span><br \/><span style=\"color: #ffffff;\">Sur iOS\u00a0: https:\/\/support.apple.com\/fr-fr\/HT201265<\/span><br \/><span style=\"color: #ffffff;\">Sur Android\u00a0:\u00a0<a style=\"background-color: transparent; color: #ffffff;\" href=\"https:\/\/support.google.com\/chrome\/topic\/3434352\" data-wahfont=\"16\">https:\/\/support.google.com\/chrome\/topic\/3434352<\/a><\/span><\/p><p style=\"overflow-wrap: break-word; margin-bottom: 15px;\" data-wahfont=\"16\"><strong><span style=\"color: #ffffff;\">Consentement<\/span><\/strong><\/p><p style=\"color: #e0e0e0; overflow-wrap: break-word; margin-bottom: 15px;\" data-wahfont=\"16\"><span style=\"color: #ffffff;\">En utilisant notre site, vous consentez \u00e0 notre politique de confidentialit\u00e9.<\/span><\/p><p style=\"color: #e0e0e0; overflow-wrap: break-word; margin-bottom: 15px;\" data-wahfont=\"16\"><strong><span style=\"color: #ffffff;\">Vos droits<\/span><\/strong><\/p><p style=\"color: #e0e0e0; overflow-wrap: break-word; margin-bottom: 15px;\" data-wahfont=\"16\"><span style=\"color: #ffffff;\">Toute personne physique utilisant le service a la facult\u00e9 d\u2019exercer ses droits d\u2019acc\u00e8s, de rectification, d\u2019opposition et d\u2019effacement \u00a0au traitement de ses donn\u00e9es conform\u00e9ment aux articles 38 \u00e0 40 de la loi du 6 janvier 1978.<\/span><\/p><p style=\"color: #e0e0e0; overflow-wrap: break-word; margin-bottom: 15px;\" data-wahfont=\"16\"><span style=\"color: #ffffff;\">En application du r\u00e8glement 2016\/679 du 27 avril 2016, la personne physique peut exercer son droit \u00e0 la limitation du traitement, \u00e0 l\u2019effacement de ses donn\u00e9es et la portabilit\u00e9 \u00e0 partir du 25 mai 2018.<\/span><\/p><p style=\"color: #e0e0e0; overflow-wrap: break-word; margin-bottom: 15px;\" data-wahfont=\"16\"><span style=\"color: #ffffff;\">Ces droits peuvent \u00eatre exerc\u00e9s aupr\u00e8s de C FIT SPORT qui a collect\u00e9 les donn\u00e9es \u00e0 caract\u00e8re personnel de la mani\u00e8re suivante :<\/span><\/p><p style=\"color: #e0e0e0; overflow-wrap: break-word; margin-bottom: 15px;\" data-wahfont=\"16\"><span style=\"color: #ffffff;\">Par voie postale,\u00a0en\u00a0nous \u00e9crivant \u00e0 l\u2019adresse suivante :<\/span><\/p><p style=\"color: #e0e0e0; overflow-wrap: break-word; margin-bottom: 15px;\" data-wahfont=\"16\"><span style=\"color: #ffffff;\">C FIT SOPRT<\/span><\/p><p style=\"color: #e0e0e0; overflow-wrap: break-word; margin-bottom: 15px;\" data-wahfont=\"16\"><span style=\"color: #ffffff;\">32 bis Rue de la Libert\u00e9, 38600 Fontaine &#8211; <\/span><span style=\"color: #ffffff;\">France<\/span><\/p><p style=\"color: #e0e0e0; overflow-wrap: break-word; margin-bottom: 15px;\" data-wahfont=\"16\"><span style=\"color: #ffffff;\"><em>en indiquant vos nom, pr\u00e9nom, adresse, email et si possible r\u00e9f\u00e9rence client afin d\u2019acc\u00e9l\u00e9rer la prise en compte de votre demande.<\/em><\/span><\/p><p style=\"color: #e0e0e0; overflow-wrap: break-word; margin-bottom: 15px;\" data-wahfont=\"16\"><span style=\"color: #ffffff;\">Par voie \u00e9lectronique \u00e0 contact@c-fit-sport.com ou directement sur la page suivante :\u00a0<a style=\"background-color: transparent; color: #ffffff;\" href=\"https:\/\/c-fit-sport.com\/contact\/\" target=\"_blank\" rel=\"noreferrer noopener\" data-wahfont=\"16\">https:\/\/c-fit-sport.com\/contact\/<\/a>.<\/span><\/p><p style=\"color: #e0e0e0; overflow-wrap: break-word; margin-bottom: 15px;\" data-wahfont=\"16\"><span style=\"color: #ffffff;\">C FIT SPORT adresse une r\u00e9ponse dans un d\u00e9lai de 2 mois apr\u00e8s l\u2019exercice du droit.<\/span><\/p>\t\t\t\t\t\t\t\t<\/div>\n\t\t\t\t<\/div>\n\t\t\t\t\t<\/div>\n\t\t<\/div>\n\t\t\t\t\t<\/div>\n\t\t<\/section>\n\t\t\t\t<\/div>\n\t\t","protected":false},"excerpt":{"rendered":"<p>Collecte de l\u2019information Soucieux de la protection de votre vie priv\u00e9e, C FIT SPORT, repr\u00e9sent\u00e9 par Fabien CERILLI, s\u2019engage \u00e0 assurer le meilleur niveau de protection de vos donn\u00e9es \u00e0 caract\u00e8re personnel. Nous recueillons des informations lorsque vous vous inscrivez sur notre site, lorsque vous vous connectez \u00e0 votre compte, faites un achat, participez \u00e0 [&hellip;]<\/p>\n","protected":false},"author":2,"featured_media":0,"parent":0,"menu_order":0,"comment_status":"closed","ping_status":"closed","template":"","meta":{"_regular_price":[],"currency_symbol":[],"footnotes":""},"class_list":["post-344","page","type-page","status-publish","hentry"],"post_slider_layout_featured_media_urls":{"thumbnail":"","post_slider_layout_landscape_large":"","post_slider_layout_portrait_large":"","post_slider_layout_square_large":"","post_slider_layout_landscape":"","post_slider_layout_portrait":"","post_slider_layout_square":"","full":""},"yoast_head":"<!-- This site is optimized with the Yoast SEO plugin v27.5 - https:\/\/yoast.com\/product\/yoast-seo-wordpress\/ -->\n<title>Politique de confidentialit\u00e9 - C FIT SPORT<\/title>\n<meta name=\"robots\" content=\"index, follow, max-snippet:-1, max-image-preview:large, max-video-preview:-1\" \/>\n<link rel=\"canonical\" href=\"https:\/\/c-fit-sport.com\/index.php\/politique-de-confidentialite\/\" \/>\n<meta property=\"og:locale\" content=\"fr_FR\" \/>\n<meta property=\"og:type\" content=\"article\" \/>\n<meta property=\"og:title\" content=\"Politique de confidentialit\u00e9 - C FIT SPORT\" \/>\n<meta property=\"og:description\" content=\"Collecte de l\u2019information Soucieux de la protection de votre vie priv\u00e9e, C FIT SPORT, repr\u00e9sent\u00e9 par Fabien CERILLI, s\u2019engage \u00e0 assurer le meilleur niveau de protection de vos donn\u00e9es \u00e0 caract\u00e8re personnel. Nous recueillons des informations lorsque vous vous inscrivez sur notre site, lorsque vous vous connectez \u00e0 votre compte, faites un achat, participez \u00e0 [&hellip;]\" \/>\n<meta property=\"og:url\" content=\"https:\/\/c-fit-sport.com\/index.php\/politique-de-confidentialite\/\" \/>\n<meta property=\"og:site_name\" content=\"C FIT SPORT\" \/>\n<meta property=\"article:publisher\" content=\"https:\/\/www.facebook.com\/CFit38\" \/>\n<meta property=\"article:modified_time\" content=\"2022-04-15T10:29:25+00:00\" \/>\n<meta name=\"twitter:card\" content=\"summary_large_image\" \/>\n<meta name=\"twitter:label1\" content=\"Dur\u00e9e de lecture estim\u00e9e\" \/>\n\t<meta name=\"twitter:data1\" content=\"5 minutes\" \/>\n<script type=\"application\/ld+json\" class=\"yoast-schema-graph\">{\"@context\":\"https:\\\/\\\/schema.org\",\"@graph\":[{\"@type\":\"WebPage\",\"@id\":\"https:\\\/\\\/c-fit-sport.com\\\/index.php\\\/politique-de-confidentialite\\\/\",\"url\":\"https:\\\/\\\/c-fit-sport.com\\\/index.php\\\/politique-de-confidentialite\\\/\",\"name\":\"Politique de confidentialit\u00e9 - C FIT SPORT\",\"isPartOf\":{\"@id\":\"https:\\\/\\\/c-fit-sport.com\\\/#website\"},\"datePublished\":\"2022-04-11T12:09:13+00:00\",\"dateModified\":\"2022-04-15T10:29:25+00:00\",\"breadcrumb\":{\"@id\":\"https:\\\/\\\/c-fit-sport.com\\\/index.php\\\/politique-de-confidentialite\\\/#breadcrumb\"},\"inLanguage\":\"fr-FR\",\"potentialAction\":[{\"@type\":\"ReadAction\",\"target\":[\"https:\\\/\\\/c-fit-sport.com\\\/index.php\\\/politique-de-confidentialite\\\/\"]}]},{\"@type\":\"BreadcrumbList\",\"@id\":\"https:\\\/\\\/c-fit-sport.com\\\/index.php\\\/politique-de-confidentialite\\\/#breadcrumb\",\"itemListElement\":[{\"@type\":\"ListItem\",\"position\":1,\"name\":\"Accueil\",\"item\":\"https:\\\/\\\/c-fit-sport.com\\\/\"},{\"@type\":\"ListItem\",\"position\":2,\"name\":\"Politique de confidentialit\u00e9\"}]},{\"@type\":\"WebSite\",\"@id\":\"https:\\\/\\\/c-fit-sport.com\\\/#website\",\"url\":\"https:\\\/\\\/c-fit-sport.com\\\/\",\"name\":\"C FIT SPORT\",\"description\":\"Intelligence Artificielle &quot;unique au monde&quot; - Salle de Sport \u00e0 Fontaine\",\"publisher\":{\"@id\":\"https:\\\/\\\/c-fit-sport.com\\\/#organization\"},\"potentialAction\":[{\"@type\":\"SearchAction\",\"target\":{\"@type\":\"EntryPoint\",\"urlTemplate\":\"https:\\\/\\\/c-fit-sport.com\\\/?s={search_term_string}\"},\"query-input\":{\"@type\":\"PropertyValueSpecification\",\"valueRequired\":true,\"valueName\":\"search_term_string\"}}],\"inLanguage\":\"fr-FR\"},{\"@type\":\"Organization\",\"@id\":\"https:\\\/\\\/c-fit-sport.com\\\/#organization\",\"name\":\"C FIT SPORT\",\"url\":\"https:\\\/\\\/c-fit-sport.com\\\/\",\"logo\":{\"@type\":\"ImageObject\",\"inLanguage\":\"fr-FR\",\"@id\":\"https:\\\/\\\/c-fit-sport.com\\\/#\\\/schema\\\/logo\\\/image\\\/\",\"url\":\"https:\\\/\\\/c-fit-sport.com\\\/wp-content\\\/uploads\\\/2022\\\/03\\\/cropped-cropped-Visuel_loup-1.png\",\"contentUrl\":\"https:\\\/\\\/c-fit-sport.com\\\/wp-content\\\/uploads\\\/2022\\\/03\\\/cropped-cropped-Visuel_loup-1.png\",\"width\":240,\"height\":325,\"caption\":\"C FIT SPORT\"},\"image\":{\"@id\":\"https:\\\/\\\/c-fit-sport.com\\\/#\\\/schema\\\/logo\\\/image\\\/\"},\"sameAs\":[\"https:\\\/\\\/www.facebook.com\\\/CFit38\"]}]}<\/script>\n<!-- \/ Yoast SEO plugin. -->","yoast_head_json":{"title":"Politique de confidentialit\u00e9 - C FIT SPORT","robots":{"index":"index","follow":"follow","max-snippet":"max-snippet:-1","max-image-preview":"max-image-preview:large","max-video-preview":"max-video-preview:-1"},"canonical":"https:\/\/c-fit-sport.com\/index.php\/politique-de-confidentialite\/","og_locale":"fr_FR","og_type":"article","og_title":"Politique de confidentialit\u00e9 - C FIT SPORT","og_description":"Collecte de l\u2019information Soucieux de la protection de votre vie priv\u00e9e, C FIT SPORT, repr\u00e9sent\u00e9 par Fabien CERILLI, s\u2019engage \u00e0 assurer le meilleur niveau de protection de vos donn\u00e9es \u00e0 caract\u00e8re personnel. Nous recueillons des informations lorsque vous vous inscrivez sur notre site, lorsque vous vous connectez \u00e0 votre compte, faites un achat, participez \u00e0 [&hellip;]","og_url":"https:\/\/c-fit-sport.com\/index.php\/politique-de-confidentialite\/","og_site_name":"C FIT SPORT","article_publisher":"https:\/\/www.facebook.com\/CFit38","article_modified_time":"2022-04-15T10:29:25+00:00","twitter_card":"summary_large_image","twitter_misc":{"Dur\u00e9e de lecture estim\u00e9e":"5 minutes"},"schema":{"@context":"https:\/\/schema.org","@graph":[{"@type":"WebPage","@id":"https:\/\/c-fit-sport.com\/index.php\/politique-de-confidentialite\/","url":"https:\/\/c-fit-sport.com\/index.php\/politique-de-confidentialite\/","name":"Politique de confidentialit\u00e9 - C FIT SPORT","isPartOf":{"@id":"https:\/\/c-fit-sport.com\/#website"},"datePublished":"2022-04-11T12:09:13+00:00","dateModified":"2022-04-15T10:29:25+00:00","breadcrumb":{"@id":"https:\/\/c-fit-sport.com\/index.php\/politique-de-confidentialite\/#breadcrumb"},"inLanguage":"fr-FR","potentialAction":[{"@type":"ReadAction","target":["https:\/\/c-fit-sport.com\/index.php\/politique-de-confidentialite\/"]}]},{"@type":"BreadcrumbList","@id":"https:\/\/c-fit-sport.com\/index.php\/politique-de-confidentialite\/#breadcrumb","itemListElement":[{"@type":"ListItem","position":1,"name":"Accueil","item":"https:\/\/c-fit-sport.com\/"},{"@type":"ListItem","position":2,"name":"Politique de confidentialit\u00e9"}]},{"@type":"WebSite","@id":"https:\/\/c-fit-sport.com\/#website","url":"https:\/\/c-fit-sport.com\/","name":"C FIT SPORT","description":"Intelligence Artificielle &quot;unique au monde&quot; - Salle de Sport \u00e0 Fontaine","publisher":{"@id":"https:\/\/c-fit-sport.com\/#organization"},"potentialAction":[{"@type":"SearchAction","target":{"@type":"EntryPoint","urlTemplate":"https:\/\/c-fit-sport.com\/?s={search_term_string}"},"query-input":{"@type":"PropertyValueSpecification","valueRequired":true,"valueName":"search_term_string"}}],"inLanguage":"fr-FR"},{"@type":"Organization","@id":"https:\/\/c-fit-sport.com\/#organization","name":"C FIT SPORT","url":"https:\/\/c-fit-sport.com\/","logo":{"@type":"ImageObject","inLanguage":"fr-FR","@id":"https:\/\/c-fit-sport.com\/#\/schema\/logo\/image\/","url":"https:\/\/c-fit-sport.com\/wp-content\/uploads\/2022\/03\/cropped-cropped-Visuel_loup-1.png","contentUrl":"https:\/\/c-fit-sport.com\/wp-content\/uploads\/2022\/03\/cropped-cropped-Visuel_loup-1.png","width":240,"height":325,"caption":"C FIT SPORT"},"image":{"@id":"https:\/\/c-fit-sport.com\/#\/schema\/logo\/image\/"},"sameAs":["https:\/\/www.facebook.com\/CFit38"]}]}},"amp_enabled":true,"_links":{"self":[{"href":"https:\/\/c-fit-sport.com\/index.php\/wp-json\/wp\/v2\/pages\/344","targetHints":{"allow":["GET"]}}],"collection":[{"href":"https:\/\/c-fit-sport.com\/index.php\/wp-json\/wp\/v2\/pages"}],"about":[{"href":"https:\/\/c-fit-sport.com\/index.php\/wp-json\/wp\/v2\/types\/page"}],"author":[{"embeddable":true,"href":"https:\/\/c-fit-sport.com\/index.php\/wp-json\/wp\/v2\/users\/2"}],"replies":[{"embeddable":true,"href":"https:\/\/c-fit-sport.com\/index.php\/wp-json\/wp\/v2\/comments?post=344"}],"version-history":[{"count":13,"href":"https:\/\/c-fit-sport.com\/index.php\/wp-json\/wp\/v2\/pages\/344\/revisions"}],"predecessor-version":[{"id":486,"href":"https:\/\/c-fit-sport.com\/index.php\/wp-json\/wp\/v2\/pages\/344\/revisions\/486"}],"wp:attachment":[{"href":"https:\/\/c-fit-sport.com\/index.php\/wp-json\/wp\/v2\/media?parent=344"}],"curies":[{"name":"wp","href":"https:\/\/api.w.org\/{rel}","templated":true}]}}