{"id":51,"date":"2022-03-06T22:00:21","date_gmt":"2022-03-06T21:00:21","guid":{"rendered":"https:\/\/ambroise-orthopedie.000webhostapp.com\/?page_id=51"},"modified":"2023-07-19T08:12:45","modified_gmt":"2023-07-19T06:12:45","slug":"boxe","status":"publish","type":"page","link":"https:\/\/c-fit-sport.com\/index.php\/cours-collectif\/boxe\/","title":{"rendered":"Boxe"},"content":{"rendered":"\t\t<div data-elementor-type=\"wp-page\" data-elementor-id=\"51\" class=\"elementor elementor-51\">\n\t\t\t\t\t\t<section class=\"elementor-section elementor-top-section elementor-element elementor-element-ad08750 elementor-section-boxed elementor-section-height-default elementor-section-height-default\" data-id=\"ad08750\" data-element_type=\"section\" data-e-type=\"section\">\n\t\t\t\t\t\t<div class=\"elementor-container elementor-column-gap-default\">\n\t\t\t\t\t<div class=\"elementor-column elementor-col-100 elementor-top-column elementor-element elementor-element-259e126\" data-id=\"259e126\" data-element_type=\"column\" data-e-type=\"column\">\n\t\t\t<div class=\"elementor-widget-wrap elementor-element-populated\">\n\t\t\t\t\t\t<div class=\"elementor-element elementor-element-747194b elementor-widget elementor-widget-text-editor\" data-id=\"747194b\" data-element_type=\"widget\" data-e-type=\"widget\" data-widget_type=\"text-editor.default\">\n\t\t\t\t<div class=\"elementor-widget-container\">\n\t\t\t\t\t\t\t\t\t<p>La boxe loisir est une pratique qui s\u2019adresse aux personnes d\u2019au moins 18 ans souhaitant pratiquer la boxe. La pratique se compose d\u2019entra\u00eenements sur la technique, la gestuelle, la motricit\u00e9, la r\u00e9sistance physique et autres qualit\u00e9s du boxeur.<\/p><p>Elle permet souvent aux pratiquants d\u00e9butants de prendre confiance en eux.<\/p>\t\t\t\t\t\t\t\t<\/div>\n\t\t\t\t<\/div>\n\t\t\t\t\t<\/div>\n\t\t<\/div>\n\t\t\t\t\t<\/div>\n\t\t<\/section>\n\t\t\t\t<\/div>\n\t\t","protected":false},"excerpt":{"rendered":"<p>La boxe loisir est une pratique qui s\u2019adresse aux personnes d\u2019au moins 18 ans souhaitant pratiquer la boxe. La pratique se compose d\u2019entra\u00eenements sur la technique, la gestuelle, la motricit\u00e9, la r\u00e9sistance physique et autres qualit\u00e9s du boxeur. Elle permet souvent aux pratiquants d\u00e9butants de prendre confiance en eux.<\/p>\n","protected":false},"author":2,"featured_media":0,"parent":15,"menu_order":0,"comment_status":"closed","ping_status":"closed","template":"","meta":{"_regular_price":[],"currency_symbol":[],"footnotes":""},"class_list":["post-51","page","type-page","status-publish","hentry"],"post_slider_layout_featured_media_urls":{"thumbnail":"","post_slider_layout_landscape_large":"","post_slider_layout_portrait_large":"","post_slider_layout_square_large":"","post_slider_layout_landscape":"","post_slider_layout_portrait":"","post_slider_layout_square":"","full":""},"yoast_head":"<!-- This site is optimized with the Yoast SEO plugin v27.4 - https:\/\/yoast.com\/product\/yoast-seo-wordpress\/ -->\n<title>Boxe - C FIT SPORT<\/title>\n<meta name=\"robots\" content=\"index, follow, max-snippet:-1, max-image-preview:large, max-video-preview:-1\" \/>\n<link rel=\"canonical\" href=\"https:\/\/c-fit-sport.com\/index.php\/cours-collectif\/boxe\/\" \/>\n<meta property=\"og:locale\" content=\"fr_FR\" \/>\n<meta property=\"og:type\" content=\"article\" \/>\n<meta property=\"og:title\" content=\"Boxe - C FIT SPORT\" \/>\n<meta property=\"og:description\" content=\"La boxe loisir est une pratique qui s\u2019adresse aux personnes d\u2019au moins 18 ans souhaitant pratiquer la boxe. La pratique se compose d\u2019entra\u00eenements sur la technique, la gestuelle, la motricit\u00e9, la r\u00e9sistance physique et autres qualit\u00e9s du boxeur. Elle permet souvent aux pratiquants d\u00e9butants de prendre confiance en eux.\" \/>\n<meta property=\"og:url\" content=\"https:\/\/c-fit-sport.com\/index.php\/cours-collectif\/boxe\/\" \/>\n<meta property=\"og:site_name\" content=\"C FIT SPORT\" \/>\n<meta property=\"article:publisher\" content=\"https:\/\/www.facebook.com\/CFit38\" \/>\n<meta property=\"article:modified_time\" content=\"2023-07-19T06:12:45+00:00\" \/>\n<meta name=\"twitter:card\" content=\"summary_large_image\" \/>\n<meta name=\"twitter:label1\" content=\"Dur\u00e9e de lecture estim\u00e9e\" \/>\n\t<meta name=\"twitter:data1\" content=\"1 minute\" \/>\n<script type=\"application\/ld+json\" class=\"yoast-schema-graph\">{\"@context\":\"https:\\\/\\\/schema.org\",\"@graph\":[{\"@type\":\"WebPage\",\"@id\":\"https:\\\/\\\/c-fit-sport.com\\\/index.php\\\/cours-collectif\\\/boxe\\\/\",\"url\":\"https:\\\/\\\/c-fit-sport.com\\\/index.php\\\/cours-collectif\\\/boxe\\\/\",\"name\":\"Boxe - C FIT SPORT\",\"isPartOf\":{\"@id\":\"https:\\\/\\\/c-fit-sport.com\\\/#website\"},\"datePublished\":\"2022-03-06T21:00:21+00:00\",\"dateModified\":\"2023-07-19T06:12:45+00:00\",\"breadcrumb\":{\"@id\":\"https:\\\/\\\/c-fit-sport.com\\\/index.php\\\/cours-collectif\\\/boxe\\\/#breadcrumb\"},\"inLanguage\":\"fr-FR\",\"potentialAction\":[{\"@type\":\"ReadAction\",\"target\":[\"https:\\\/\\\/c-fit-sport.com\\\/index.php\\\/cours-collectif\\\/boxe\\\/\"]}]},{\"@type\":\"BreadcrumbList\",\"@id\":\"https:\\\/\\\/c-fit-sport.com\\\/index.php\\\/cours-collectif\\\/boxe\\\/#breadcrumb\",\"itemListElement\":[{\"@type\":\"ListItem\",\"position\":1,\"name\":\"Accueil\",\"item\":\"https:\\\/\\\/c-fit-sport.com\\\/\"},{\"@type\":\"ListItem\",\"position\":2,\"name\":\"Cours Collectif\",\"item\":\"https:\\\/\\\/c-fit-sport.com\\\/index.php\\\/cours-collectif\\\/\"},{\"@type\":\"ListItem\",\"position\":3,\"name\":\"Boxe\"}]},{\"@type\":\"WebSite\",\"@id\":\"https:\\\/\\\/c-fit-sport.com\\\/#website\",\"url\":\"https:\\\/\\\/c-fit-sport.com\\\/\",\"name\":\"C FIT SPORT\",\"description\":\"Intelligence Artificielle &quot;unique au monde&quot; - Salle de Sport \u00e0 Fontaine\",\"publisher\":{\"@id\":\"https:\\\/\\\/c-fit-sport.com\\\/#organization\"},\"potentialAction\":[{\"@type\":\"SearchAction\",\"target\":{\"@type\":\"EntryPoint\",\"urlTemplate\":\"https:\\\/\\\/c-fit-sport.com\\\/?s={search_term_string}\"},\"query-input\":{\"@type\":\"PropertyValueSpecification\",\"valueRequired\":true,\"valueName\":\"search_term_string\"}}],\"inLanguage\":\"fr-FR\"},{\"@type\":\"Organization\",\"@id\":\"https:\\\/\\\/c-fit-sport.com\\\/#organization\",\"name\":\"C FIT SPORT\",\"url\":\"https:\\\/\\\/c-fit-sport.com\\\/\",\"logo\":{\"@type\":\"ImageObject\",\"inLanguage\":\"fr-FR\",\"@id\":\"https:\\\/\\\/c-fit-sport.com\\\/#\\\/schema\\\/logo\\\/image\\\/\",\"url\":\"https:\\\/\\\/c-fit-sport.com\\\/wp-content\\\/uploads\\\/2022\\\/03\\\/cropped-cropped-Visuel_loup-1.png\",\"contentUrl\":\"https:\\\/\\\/c-fit-sport.com\\\/wp-content\\\/uploads\\\/2022\\\/03\\\/cropped-cropped-Visuel_loup-1.png\",\"width\":240,\"height\":325,\"caption\":\"C FIT SPORT\"},\"image\":{\"@id\":\"https:\\\/\\\/c-fit-sport.com\\\/#\\\/schema\\\/logo\\\/image\\\/\"},\"sameAs\":[\"https:\\\/\\\/www.facebook.com\\\/CFit38\"]}]}<\/script>\n<!-- \/ Yoast SEO plugin. -->","yoast_head_json":{"title":"Boxe - C FIT SPORT","robots":{"index":"index","follow":"follow","max-snippet":"max-snippet:-1","max-image-preview":"max-image-preview:large","max-video-preview":"max-video-preview:-1"},"canonical":"https:\/\/c-fit-sport.com\/index.php\/cours-collectif\/boxe\/","og_locale":"fr_FR","og_type":"article","og_title":"Boxe - C FIT SPORT","og_description":"La boxe loisir est une pratique qui s\u2019adresse aux personnes d\u2019au moins 18 ans souhaitant pratiquer la boxe. La pratique se compose d\u2019entra\u00eenements sur la technique, la gestuelle, la motricit\u00e9, la r\u00e9sistance physique et autres qualit\u00e9s du boxeur. Elle permet souvent aux pratiquants d\u00e9butants de prendre confiance en eux.","og_url":"https:\/\/c-fit-sport.com\/index.php\/cours-collectif\/boxe\/","og_site_name":"C FIT SPORT","article_publisher":"https:\/\/www.facebook.com\/CFit38","article_modified_time":"2023-07-19T06:12:45+00:00","twitter_card":"summary_large_image","twitter_misc":{"Dur\u00e9e de lecture estim\u00e9e":"1 minute"},"schema":{"@context":"https:\/\/schema.org","@graph":[{"@type":"WebPage","@id":"https:\/\/c-fit-sport.com\/index.php\/cours-collectif\/boxe\/","url":"https:\/\/c-fit-sport.com\/index.php\/cours-collectif\/boxe\/","name":"Boxe - C FIT SPORT","isPartOf":{"@id":"https:\/\/c-fit-sport.com\/#website"},"datePublished":"2022-03-06T21:00:21+00:00","dateModified":"2023-07-19T06:12:45+00:00","breadcrumb":{"@id":"https:\/\/c-fit-sport.com\/index.php\/cours-collectif\/boxe\/#breadcrumb"},"inLanguage":"fr-FR","potentialAction":[{"@type":"ReadAction","target":["https:\/\/c-fit-sport.com\/index.php\/cours-collectif\/boxe\/"]}]},{"@type":"BreadcrumbList","@id":"https:\/\/c-fit-sport.com\/index.php\/cours-collectif\/boxe\/#breadcrumb","itemListElement":[{"@type":"ListItem","position":1,"name":"Accueil","item":"https:\/\/c-fit-sport.com\/"},{"@type":"ListItem","position":2,"name":"Cours Collectif","item":"https:\/\/c-fit-sport.com\/index.php\/cours-collectif\/"},{"@type":"ListItem","position":3,"name":"Boxe"}]},{"@type":"WebSite","@id":"https:\/\/c-fit-sport.com\/#website","url":"https:\/\/c-fit-sport.com\/","name":"C FIT SPORT","description":"Intelligence Artificielle &quot;unique au monde&quot; - Salle de Sport \u00e0 Fontaine","publisher":{"@id":"https:\/\/c-fit-sport.com\/#organization"},"potentialAction":[{"@type":"SearchAction","target":{"@type":"EntryPoint","urlTemplate":"https:\/\/c-fit-sport.com\/?s={search_term_string}"},"query-input":{"@type":"PropertyValueSpecification","valueRequired":true,"valueName":"search_term_string"}}],"inLanguage":"fr-FR"},{"@type":"Organization","@id":"https:\/\/c-fit-sport.com\/#organization","name":"C FIT SPORT","url":"https:\/\/c-fit-sport.com\/","logo":{"@type":"ImageObject","inLanguage":"fr-FR","@id":"https:\/\/c-fit-sport.com\/#\/schema\/logo\/image\/","url":"https:\/\/c-fit-sport.com\/wp-content\/uploads\/2022\/03\/cropped-cropped-Visuel_loup-1.png","contentUrl":"https:\/\/c-fit-sport.com\/wp-content\/uploads\/2022\/03\/cropped-cropped-Visuel_loup-1.png","width":240,"height":325,"caption":"C FIT SPORT"},"image":{"@id":"https:\/\/c-fit-sport.com\/#\/schema\/logo\/image\/"},"sameAs":["https:\/\/www.facebook.com\/CFit38"]}]}},"amp_enabled":true,"_links":{"self":[{"href":"https:\/\/c-fit-sport.com\/index.php\/wp-json\/wp\/v2\/pages\/51","targetHints":{"allow":["GET"]}}],"collection":[{"href":"https:\/\/c-fit-sport.com\/index.php\/wp-json\/wp\/v2\/pages"}],"about":[{"href":"https:\/\/c-fit-sport.com\/index.php\/wp-json\/wp\/v2\/types\/page"}],"author":[{"embeddable":true,"href":"https:\/\/c-fit-sport.com\/index.php\/wp-json\/wp\/v2\/users\/2"}],"replies":[{"embeddable":true,"href":"https:\/\/c-fit-sport.com\/index.php\/wp-json\/wp\/v2\/comments?post=51"}],"version-history":[{"count":9,"href":"https:\/\/c-fit-sport.com\/index.php\/wp-json\/wp\/v2\/pages\/51\/revisions"}],"predecessor-version":[{"id":963,"href":"https:\/\/c-fit-sport.com\/index.php\/wp-json\/wp\/v2\/pages\/51\/revisions\/963"}],"up":[{"embeddable":true,"href":"https:\/\/c-fit-sport.com\/index.php\/wp-json\/wp\/v2\/pages\/15"}],"wp:attachment":[{"href":"https:\/\/c-fit-sport.com\/index.php\/wp-json\/wp\/v2\/media?parent=51"}],"curies":[{"name":"wp","href":"https:\/\/api.w.org\/{rel}","templated":true}]}}